{"id":10,"date":"2020-09-15T06:48:15","date_gmt":"2020-09-15T06:48:15","guid":{"rendered":"http:\/\/nauuvrd.cluster031.hosting.ovh.net\/index.php\/home\/"},"modified":"2022-11-23T06:15:56","modified_gmt":"2022-11-23T05:15:56","slug":"home","status":"publish","type":"page","link":"https:\/\/www.hazebrouck-autrefois.com\/","title":{"rendered":"Home"},"content":{"rendered":"\n<div class=\"wp-block-cover alignfull is-light\" style=\"min-height:750px;aspect-ratio:unset;\"><span aria-hidden=\"true\" class=\"wp-block-cover__background has-background-dim\" style=\"background-color:#000000\"><\/span><img loading=\"lazy\" decoding=\"async\" width=\"1587\" height=\"993\" class=\"wp-block-cover__image-background wp-image-150\" alt=\"\" src=\"http:\/\/nauuvrd.cluster031.hosting.ovh.net\/wp-content\/uploads\/2022\/04\/2-3-5-1.jpg\" data-object-fit=\"cover\" srcset=\"https:\/\/www.hazebrouck-autrefois.com\/wp-content\/uploads\/2022\/04\/2-3-5-1.jpg 1587w, https:\/\/www.hazebrouck-autrefois.com\/wp-content\/uploads\/2022\/04\/2-3-5-1-300x188.jpg 300w, https:\/\/www.hazebrouck-autrefois.com\/wp-content\/uploads\/2022\/04\/2-3-5-1-1024x641.jpg 1024w, https:\/\/www.hazebrouck-autrefois.com\/wp-content\/uploads\/2022\/04\/2-3-5-1-768x481.jpg 768w, https:\/\/www.hazebrouck-autrefois.com\/wp-content\/uploads\/2022\/04\/2-3-5-1-1536x961.jpg 1536w\" sizes=\"auto, (max-width: 1587px) 100vw, 1587px\" \/><div class=\"wp-block-cover__inner-container is-layout-flow wp-block-cover-is-layout-flow\">\n<h3 class=\"has-text-align-center has-text-color wp-block-heading\" style=\"color:#ffffff\">Cartes postales et photos anciennes<\/h3>\n\n\n\n<hr class=\"wp-block-separator has-text-color has-css-opacity has-background aligncenter\" style=\"background-color:#ffffff;color:#ffffff\"\/>\n\n\n\n<h1 class=\"has-text-align-center has-text-color wp-block-heading\" style=\"color:#ffffff\">Hazebrouck Autrefois<\/h1>\n<\/div><\/div>\n\n\n\n<div class=\"inherit-container-width wp-block-group alignfull has-ast-global-color-4-background-color has-background is-layout-constrained wp-block-group-is-layout-constrained\"><div class=\"wp-block-group__inner-container\">\n<p class=\"has-text-align-center\">Ce site rassemble photos et cartes postales anciennes d&rsquo;Hazebrouck, mais aussi de ses alentours, ainsi que des images t\u00e9moignant de son riche pass\u00e9 industriel dans le domaine des cycles et motocycles. Je l&rsquo;ai cr\u00e9\u00e9 dans le but de partager cette accumulation de documents avec les habitants de la r\u00e9gion et d&rsquo;ailleurs.<\/p>\n\n\n\n<p class=\"has-text-align-center has-ast-global-color-4-background-color has-background\"><strong>Georges DEGROOTE<\/strong><\/p>\n<\/div><\/div>\n\n\n\n<div class=\"inherit-container-width wp-block-group alignfull has-ast-global-color-5-background-color has-background is-layout-constrained wp-block-group-is-layout-constrained\"><div class=\"wp-block-group__inner-container\">\n<div class=\"wp-block-columns alignwide is-layout-flex wp-container-core-columns-is-layout-28f84493 wp-block-columns-is-layout-flex\">\n<div class=\"wp-block-column is-layout-flow wp-block-column-is-layout-flow\">\n<div class=\"inherit-container-width wp-block-group is-layout-constrained wp-block-group-is-layout-constrained\"><div class=\"wp-block-group__inner-container\">\n<figure class=\"wp-block-image aligncenter size-large\"><a href=\"https:\/\/www.hazebrouck-autrefois.com\/index.php\/cartes-postales\/\"><img loading=\"lazy\" decoding=\"async\" width=\"1024\" height=\"654\" src=\"http:\/\/nauuvrd.cluster031.hosting.ovh.net\/wp-content\/uploads\/2022\/04\/Page-1-carte-P1-005-1024x654.jpg\" alt=\"\" class=\"wp-image-290\" srcset=\"https:\/\/www.hazebrouck-autrefois.com\/wp-content\/uploads\/2022\/04\/Page-1-carte-P1-005-1024x654.jpg 1024w, https:\/\/www.hazebrouck-autrefois.com\/wp-content\/uploads\/2022\/04\/Page-1-carte-P1-005-300x192.jpg 300w, https:\/\/www.hazebrouck-autrefois.com\/wp-content\/uploads\/2022\/04\/Page-1-carte-P1-005-768x490.jpg 768w, https:\/\/www.hazebrouck-autrefois.com\/wp-content\/uploads\/2022\/04\/Page-1-carte-P1-005-1536x981.jpg 1536w, https:\/\/www.hazebrouck-autrefois.com\/wp-content\/uploads\/2022\/04\/Page-1-carte-P1-005.jpg 1707w\" sizes=\"auto, (max-width: 1024px) 100vw, 1024px\" \/><\/a><\/figure>\n\n\n\n<h5 class=\"has-text-align-center wp-block-heading\">Cartes postales<\/h5>\n\n\n\n<p class=\"has-text-align-center\">Plus de 500 cartes-postales anciennes sur Hazebrouck et ses environs&#8230;<\/p>\n\n\n\n<div class=\"wp-block-buttons is-horizontal is-content-justification-center is-layout-flex wp-container-core-buttons-is-layout-03627597 wp-block-buttons-is-layout-flex\">\n<div class=\"wp-block-button\"><a class=\"wp-block-button__link wp-element-button\" href=\"https:\/\/www.hazebrouck-autrefois.com\/index.php\/cartes-postales\/\">Voir<\/a><\/div>\n<\/div>\n<\/div><\/div>\n<\/div>\n\n\n\n<div class=\"wp-block-column is-layout-flow wp-block-column-is-layout-flow\">\n<div class=\"inherit-container-width wp-block-group is-layout-constrained wp-block-group-is-layout-constrained\"><div class=\"wp-block-group__inner-container\">\n<figure class=\"wp-block-image aligncenter size-large\"><a href=\"https:\/\/www.hazebrouck-autrefois.com\/index.php\/cycles-motocycles\/\"><img loading=\"lazy\" decoding=\"async\" width=\"1024\" height=\"653\" src=\"http:\/\/nauuvrd.cluster031.hosting.ovh.net\/wp-content\/uploads\/2022\/05\/l-special-poids-lourd-1024x653.jpg\" alt=\"\" class=\"wp-image-948\" srcset=\"https:\/\/www.hazebrouck-autrefois.com\/wp-content\/uploads\/2022\/05\/l-special-poids-lourd-1024x653.jpg 1024w, https:\/\/www.hazebrouck-autrefois.com\/wp-content\/uploads\/2022\/05\/l-special-poids-lourd-300x191.jpg 300w, https:\/\/www.hazebrouck-autrefois.com\/wp-content\/uploads\/2022\/05\/l-special-poids-lourd-768x490.jpg 768w, https:\/\/www.hazebrouck-autrefois.com\/wp-content\/uploads\/2022\/05\/l-special-poids-lourd.jpg 1536w\" sizes=\"auto, (max-width: 1024px) 100vw, 1024px\" \/><\/a><\/figure>\n\n\n\n<h5 class=\"has-text-align-center wp-block-heading\">Cycles &amp; motocycles<\/h5>\n\n\n\n<p class=\"has-text-align-center\">Hazebrouck poss\u00e8de un riche pass\u00e9 dans l&rsquo;industrie du cycle et du motocycle avec les marques Lucer, Alcyon et ABG-VAP<\/p>\n\n\n\n<div class=\"wp-block-buttons is-horizontal is-content-justification-center is-layout-flex wp-container-core-buttons-is-layout-03627597 wp-block-buttons-is-layout-flex\">\n<div class=\"wp-block-button\"><a class=\"wp-block-button__link wp-element-button\" href=\"https:\/\/www.hazebrouck-autrefois.com\/index.php\/cycles-motocycles\/\">Voir<\/a><\/div>\n<\/div>\n<\/div><\/div>\n<\/div>\n<\/div>\n<\/div><\/div>\n\n\n\n<div class=\"inherit-container-width wp-block-group alignfull has-white-background-color has-background is-layout-constrained wp-block-group-is-layout-constrained\"><div class=\"wp-block-group__inner-container\"><style>.kb-posts-id-_b2b73e-97 .entry.loop-entry .entry-header .entry-title{font-size:19px;letter-spacing:-0.5px;}.kb-posts-id-_b2b73e-97 .kb-post-list-item{display:grid;}<\/style><ul class=\"wp-block-kadence-posts kb-posts kadence-posts-list kb-posts-id-_b2b73e-97 content-wrap grid-cols kb-posts-style-boxed grid-sm-col-3 grid-lg-col-3 item-image-style-above\"><li class=\"kb-post-list-item\">\n\t<article class=\"entry content-bg loop-entry post-1093 post type-post status-publish format-standard has-post-thumbnail hentry category-histoire\">\n\t\t\t\t<a aria-hidden=\"true\" tabindex=\"-1\" role=\"presentation\" class=\"post-thumbnail kadence-thumbnail-ratio-3-4\" href=\"https:\/\/www.hazebrouck-autrefois.com\/index.php\/2022\/05\/23\/le-deraillement-de-1881\/\" aria-label=\"Le d\u00e9raillement de 1881\">\n\t\t\t<div class=\"post-thumbnail-inner\">\n\t\t\t\t<img loading=\"lazy\" decoding=\"async\" width=\"768\" height=\"463\" src=\"https:\/\/www.hazebrouck-autrefois.com\/wp-content\/uploads\/2022\/05\/hzk_02.06.1881_-768x463.jpg\" class=\"attachment-medium_large size-medium_large wp-post-image\" alt=\"Le d\u00e9raillement de 1881\" srcset=\"https:\/\/www.hazebrouck-autrefois.com\/wp-content\/uploads\/2022\/05\/hzk_02.06.1881_-768x463.jpg 768w, https:\/\/www.hazebrouck-autrefois.com\/wp-content\/uploads\/2022\/05\/hzk_02.06.1881_-300x181.jpg 300w, https:\/\/www.hazebrouck-autrefois.com\/wp-content\/uploads\/2022\/05\/hzk_02.06.1881_-1024x618.jpg 1024w, https:\/\/www.hazebrouck-autrefois.com\/wp-content\/uploads\/2022\/05\/hzk_02.06.1881_.jpg 1200w\" sizes=\"auto, (max-width: 768px) 100vw, 768px\" \/>\t\t\t<\/div>\n\t\t<\/a><!-- .post-thumbnail -->\n\t\t\t\t<div class=\"entry-content-wrap\">\n\t\t\t<header class=\"entry-header\">\n\t<h2 class=\"entry-title\"><a href=\"https:\/\/www.hazebrouck-autrefois.com\/index.php\/2022\/05\/23\/le-deraillement-de-1881\/\" rel=\"bookmark\">Le d\u00e9raillement de 1881<\/a><\/h2>\t<div class=\"entry-meta entry-meta-divider-dot\">\n\t\t\t\t<span class=\"posted-on\">\n\t\t\t\t<span class=\"meta-label\">Post\u00e9 le <\/span><time class=\"entry-date published\" datetime=\"2022-05-23T14:33:44+02:00\">23 mai 2022<\/time><time class=\"updated\" datetime=\"2022-05-25T23:05:04+02:00\">25 mai 2022<\/time>\t\t\t<\/span>\n\t\t\t\t\t\t<span class=\"category-links\">\n\t\t\t\t<span class=\"category-link-items\"><a href=\"https:\/\/www.hazebrouck-autrefois.com\/index.php\/category\/histoire\/\" rel=\"category tag\">Histoire<\/a><\/span>\t\t\t<\/span>\n\t\t\t\t<\/div><!-- .entry-meta -->\n\t<\/header><!-- .entry-header -->\n\t<div class=\"entry-summary\">\n\t\t<p>Alors qu&rsquo;Hazebrouck se pr\u00e9pare \u00e0 inaugurer sa nouvelle passerelle ferroviaire, rappelons-nous que la pr\u00e9c\u00e9dente, construite \u00e0 l&rsquo;initiative de l&rsquo;Abb\u00e9 Lemire en [&hellip;]<\/p>\n\t<\/div><!-- .entry-summary -->\n\t<footer class=\"entry-footer\">\n\t<\/footer><!-- .entry-footer -->\t\t<\/div>\n\t<\/article>\n<\/li>\n<li class=\"kb-post-list-item\">\n\t<article class=\"entry content-bg loop-entry post-1016 post type-post status-publish format-standard has-post-thumbnail hentry category-carte-remarquable\">\n\t\t\t\t<a aria-hidden=\"true\" tabindex=\"-1\" role=\"presentation\" class=\"post-thumbnail kadence-thumbnail-ratio-3-4\" href=\"https:\/\/www.hazebrouck-autrefois.com\/index.php\/2022\/05\/22\/colorisation\/\" aria-label=\"Colorisation\">\n\t\t\t<div class=\"post-thumbnail-inner\">\n\t\t\t\t<img loading=\"lazy\" decoding=\"async\" width=\"768\" height=\"496\" src=\"https:\/\/www.hazebrouck-autrefois.com\/wp-content\/uploads\/2022\/05\/2-4-1-768x496.jpg\" class=\"attachment-medium_large size-medium_large wp-post-image\" alt=\"Colorisation\" srcset=\"https:\/\/www.hazebrouck-autrefois.com\/wp-content\/uploads\/2022\/05\/2-4-1-768x496.jpg 768w, https:\/\/www.hazebrouck-autrefois.com\/wp-content\/uploads\/2022\/05\/2-4-1-300x194.jpg 300w, https:\/\/www.hazebrouck-autrefois.com\/wp-content\/uploads\/2022\/05\/2-4-1-1024x661.jpg 1024w, https:\/\/www.hazebrouck-autrefois.com\/wp-content\/uploads\/2022\/05\/2-4-1.jpg 1200w\" sizes=\"auto, (max-width: 768px) 100vw, 768px\" \/>\t\t\t<\/div>\n\t\t<\/a><!-- .post-thumbnail -->\n\t\t\t\t<div class=\"entry-content-wrap\">\n\t\t\t<header class=\"entry-header\">\n\t<h2 class=\"entry-title\"><a href=\"https:\/\/www.hazebrouck-autrefois.com\/index.php\/2022\/05\/22\/colorisation\/\" rel=\"bookmark\">Colorisation<\/a><\/h2>\t<div class=\"entry-meta entry-meta-divider-dot\">\n\t\t\t\t<span class=\"posted-on\">\n\t\t\t\t<span class=\"meta-label\">Post\u00e9 le <\/span><time class=\"entry-date published\" datetime=\"2022-05-22T19:59:02+02:00\">22 mai 2022<\/time><time class=\"updated\" datetime=\"2022-05-25T23:06:05+02:00\">25 mai 2022<\/time>\t\t\t<\/span>\n\t\t\t\t\t\t<span class=\"category-links\">\n\t\t\t\t<span class=\"category-link-items\"><a href=\"https:\/\/www.hazebrouck-autrefois.com\/index.php\/category\/carte-remarquable\/\" rel=\"category tag\">Carte remarquable<\/a><\/span>\t\t\t<\/span>\n\t\t\t\t<\/div><!-- .entry-meta -->\n\t<\/header><!-- .entry-header -->\n\t<div class=\"entry-summary\">\n\t\t<p>Avant l&rsquo;av\u00e8nement de la photo couleur, les photographes avaient l&rsquo;habitude de coloriser certaines images. Cette d\u00e9formation de la r\u00e9alit\u00e9, au bon [&hellip;]<\/p>\n\t<\/div><!-- .entry-summary -->\n\t<footer class=\"entry-footer\">\n\t<\/footer><!-- .entry-footer -->\t\t<\/div>\n\t<\/article>\n<\/li>\n<li class=\"kb-post-list-item\">\n\t<article class=\"entry content-bg loop-entry post-1013 post type-post status-publish format-standard has-post-thumbnail hentry category-dessous-des-cartes\">\n\t\t\t\t<a aria-hidden=\"true\" tabindex=\"-1\" role=\"presentation\" class=\"post-thumbnail kadence-thumbnail-ratio-3-4\" href=\"https:\/\/www.hazebrouck-autrefois.com\/index.php\/2022\/05\/22\/le-dessous-des-cartes\/\" aria-label=\"Le dessous des cartes&#8230;\">\n\t\t\t<div class=\"post-thumbnail-inner\">\n\t\t\t\t<img loading=\"lazy\" decoding=\"async\" width=\"768\" height=\"502\" src=\"https:\/\/www.hazebrouck-autrefois.com\/wp-content\/uploads\/2022\/05\/1-40-2-dos-hazebrouck-autrefois-768x502.jpg\" class=\"attachment-medium_large size-medium_large wp-post-image\" alt=\"Le dessous des cartes&#8230;\" srcset=\"https:\/\/www.hazebrouck-autrefois.com\/wp-content\/uploads\/2022\/05\/1-40-2-dos-hazebrouck-autrefois-768x502.jpg 768w, https:\/\/www.hazebrouck-autrefois.com\/wp-content\/uploads\/2022\/05\/1-40-2-dos-hazebrouck-autrefois-300x196.jpg 300w, https:\/\/www.hazebrouck-autrefois.com\/wp-content\/uploads\/2022\/05\/1-40-2-dos-hazebrouck-autrefois-1024x670.jpg 1024w, https:\/\/www.hazebrouck-autrefois.com\/wp-content\/uploads\/2022\/05\/1-40-2-dos-hazebrouck-autrefois.jpg 1200w\" sizes=\"auto, (max-width: 768px) 100vw, 768px\" \/>\t\t\t<\/div>\n\t\t<\/a><!-- .post-thumbnail -->\n\t\t\t\t<div class=\"entry-content-wrap\">\n\t\t\t<header class=\"entry-header\">\n\t<h2 class=\"entry-title\"><a href=\"https:\/\/www.hazebrouck-autrefois.com\/index.php\/2022\/05\/22\/le-dessous-des-cartes\/\" rel=\"bookmark\">Le dessous des cartes&#8230;<\/a><\/h2>\t<div class=\"entry-meta entry-meta-divider-dot\">\n\t\t\t\t<span class=\"posted-on\">\n\t\t\t\t<span class=\"meta-label\">Post\u00e9 le <\/span><time class=\"entry-date published\" datetime=\"2022-05-22T19:43:26+02:00\">22 mai 2022<\/time><time class=\"updated\" datetime=\"2022-05-25T23:11:19+02:00\">25 mai 2022<\/time>\t\t\t<\/span>\n\t\t\t\t\t\t<span class=\"category-links\">\n\t\t\t\t<span class=\"category-link-items\"><a href=\"https:\/\/www.hazebrouck-autrefois.com\/index.php\/category\/dessous-des-cartes\/\" rel=\"category tag\">Dessous des cartes<\/a><\/span>\t\t\t<\/span>\n\t\t\t\t<\/div><!-- .entry-meta -->\n\t<\/header><!-- .entry-header -->\n\t<div class=\"entry-summary\">\n\t\t<p>Les cartes de cette collection ont un inter\u00eat historique par les images qu&rsquo;elles proposent. Certaines sont neuves, vierges de toute \u00e9criture, [&hellip;]<\/p>\n\t<\/div><!-- .entry-summary -->\n\t<footer class=\"entry-footer\">\n\t<\/footer><!-- .entry-footer -->\t\t<\/div>\n\t<\/article>\n<\/li>\n<\/ul>\n\n\n<p><a href=\"https:\/\/www.hazebrouck-autrefois.com\/index.php\/actualites\/\" data-type=\"page\" data-id=\"1033\">Voir tous  les articles<\/a><\/p>\n<\/div><\/div>\n","protected":false},"excerpt":{"rendered":"<p>Ce site rassemble photos et cartes postales anciennes d&rsquo;Hazebrouck, mais aussi de ses alentours, ainsi que des images t\u00e9moignant de son riche pass\u00e9 industriel dans le domaine des cycles et motocycles. Je l&rsquo;ai cr\u00e9\u00e9 dans le but de partager cette accumulation de documents avec les habitants de la r\u00e9gion et d&rsquo;ailleurs. Georges DEGROOTE Cartes postales [&hellip;]<\/p>\n","protected":false},"author":1,"featured_media":0,"parent":0,"menu_order":0,"comment_status":"closed","ping_status":"closed","template":"","meta":{"site-sidebar-layout":"no-sidebar","site-content-layout":"plain-container","ast-site-content-layout":"default","site-content-style":"default","site-sidebar-style":"default","ast-global-header-display":"","ast-banner-title-visibility":"","ast-main-header-display":"","ast-hfb-above-header-display":"","ast-hfb-below-header-display":"","ast-hfb-mobile-header-display":"","site-post-title":"disabled","ast-breadcrumbs-content":"","ast-featured-img":"","footer-sml-layout":"","ast-disable-related-posts":"","theme-transparent-header-meta":"enabled","adv-header-id-meta":"","stick-header-meta":"","header-above-stick-meta":"","header-main-stick-meta":"","header-below-stick-meta":"","astra-migrate-meta-layouts":"default","ast-page-background-enabled":"default","ast-page-background-meta":{"desktop":{"background-color":"","background-image":"","background-repeat":"repeat","background-position":"center center","background-size":"auto","background-attachment":"scroll","background-type":"","background-media":"","overlay-type":"","overlay-color":"","overlay-opacity":"","overlay-gradient":""},"tablet":{"background-color":"","background-image":"","background-repeat":"repeat","background-position":"center center","background-size":"auto","background-attachment":"scroll","background-type":"","background-media":"","overlay-type":"","overlay-color":"","overlay-opacity":"","overlay-gradient":""},"mobile":{"background-color":"","background-image":"","background-repeat":"repeat","background-position":"center center","background-size":"auto","background-attachment":"scroll","background-type":"","background-media":"","overlay-type":"","overlay-color":"","overlay-opacity":"","overlay-gradient":""}},"ast-content-background-meta":{"desktop":{"background-color":"var(--ast-global-color-5)","background-image":"","background-repeat":"repeat","background-position":"center center","background-size":"auto","background-attachment":"scroll","background-type":"","background-media":"","overlay-type":"","overlay-color":"","overlay-opacity":"","overlay-gradient":""},"tablet":{"background-color":"var(--ast-global-color-5)","background-image":"","background-repeat":"repeat","background-position":"center center","background-size":"auto","background-attachment":"scroll","background-type":"","background-media":"","overlay-type":"","overlay-color":"","overlay-opacity":"","overlay-gradient":""},"mobile":{"background-color":"var(--ast-global-color-5)","background-image":"","background-repeat":"repeat","background-position":"center center","background-size":"auto","background-attachment":"scroll","background-type":"","background-media":"","overlay-type":"","overlay-color":"","overlay-opacity":"","overlay-gradient":""}},"ngg_post_thumbnail":0,"footnotes":""},"class_list":["post-10","page","type-page","status-publish","hentry"],"_links":{"self":[{"href":"https:\/\/www.hazebrouck-autrefois.com\/index.php\/wp-json\/wp\/v2\/pages\/10","targetHints":{"allow":["GET"]}}],"collection":[{"href":"https:\/\/www.hazebrouck-autrefois.com\/index.php\/wp-json\/wp\/v2\/pages"}],"about":[{"href":"https:\/\/www.hazebrouck-autrefois.com\/index.php\/wp-json\/wp\/v2\/types\/page"}],"author":[{"embeddable":true,"href":"https:\/\/www.hazebrouck-autrefois.com\/index.php\/wp-json\/wp\/v2\/users\/1"}],"replies":[{"embeddable":true,"href":"https:\/\/www.hazebrouck-autrefois.com\/index.php\/wp-json\/wp\/v2\/comments?post=10"}],"version-history":[{"count":54,"href":"https:\/\/www.hazebrouck-autrefois.com\/index.php\/wp-json\/wp\/v2\/pages\/10\/revisions"}],"predecessor-version":[{"id":1220,"href":"https:\/\/www.hazebrouck-autrefois.com\/index.php\/wp-json\/wp\/v2\/pages\/10\/revisions\/1220"}],"wp:attachment":[{"href":"https:\/\/www.hazebrouck-autrefois.com\/index.php\/wp-json\/wp\/v2\/media?parent=10"}],"curies":[{"name":"wp","href":"https:\/\/api.w.org\/{rel}","templated":true}]}}