{"id":190,"date":"2022-04-26T01:27:43","date_gmt":"2022-04-25T23:27:43","guid":{"rendered":"http:\/\/nauuvrd.cluster031.hosting.ovh.net\/?page_id=190"},"modified":"2022-05-24T14:55:33","modified_gmt":"2022-05-24T12:55:33","slug":"liens","status":"publish","type":"page","link":"https:\/\/www.hazebrouck-autrefois.com\/index.php\/liens\/","title":{"rendered":"Liens"},"content":{"rendered":"\n<div class=\"wp-block-cover alignfull\" style=\"min-height:250px;aspect-ratio:unset;\"><span aria-hidden=\"true\" class=\"has-ast-global-color-3-background-color wp-block-cover__gradient-background has-background-dim\"><\/span><img loading=\"lazy\" decoding=\"async\" width=\"1925\" height=\"965\" class=\"wp-block-cover__image-background wp-image-387\" alt=\"\" src=\"http:\/\/nauuvrd.cluster031.hosting.ovh.net\/wp-content\/uploads\/2022\/04\/cropped-Page-17-2-17-5-e1653212420683.jpg\" data-object-fit=\"cover\" srcset=\"https:\/\/www.hazebrouck-autrefois.com\/wp-content\/uploads\/2022\/04\/cropped-Page-17-2-17-5-e1653212420683.jpg 1925w, https:\/\/www.hazebrouck-autrefois.com\/wp-content\/uploads\/2022\/04\/cropped-Page-17-2-17-5-e1653212420683-300x150.jpg 300w, https:\/\/www.hazebrouck-autrefois.com\/wp-content\/uploads\/2022\/04\/cropped-Page-17-2-17-5-e1653212420683-1024x513.jpg 1024w, https:\/\/www.hazebrouck-autrefois.com\/wp-content\/uploads\/2022\/04\/cropped-Page-17-2-17-5-e1653212420683-768x385.jpg 768w, https:\/\/www.hazebrouck-autrefois.com\/wp-content\/uploads\/2022\/04\/cropped-Page-17-2-17-5-e1653212420683-1536x770.jpg 1536w\" sizes=\"auto, (max-width: 1925px) 100vw, 1925px\" \/><div class=\"wp-block-cover__inner-container is-layout-flow wp-block-cover-is-layout-flow\">\n<h1 class=\"has-text-align-center has-text-color wp-block-heading\" style=\"color:#ffffff;margin-top:50px\">Liens<\/h1>\n<\/div><\/div>\n\n\n\n<div style=\"height:50px\" aria-hidden=\"true\" class=\"wp-block-spacer\"><\/div>\n\n\n\n<p><strong>Cette page regroupe des liens vers des sites qui ont attir\u00e9 mon attention, ou que je fr\u00e9quente r\u00e9guli\u00e8rement. <\/strong><\/p>\n\n\n\n<p>&#8211; Le site de la romanci\u00e8re&nbsp;<a rel=\"noreferrer noopener\" href=\"http:\/\/www.anniedegroote.com\/\" target=\"_blank\">Annie Degroote<\/a><br><br>&#8211; Le site de&nbsp;<a rel=\"noreferrer noopener\" href=\"http:\/\/jean-pascal-vanhove.monsite-orange.fr\/\" target=\"_blank\">Jean-Pascal Vanhove<\/a>, auteur de \u00ab\u00a0Ce que racontent les rues d&rsquo;Hazebrouck\u00a0\u00bb (2007) et de \u00ab\u00a0L&rsquo;industrie du cycle \u00e0 Hazebrouck\u00a0\u00bb (2008)<br><br>&#8211; Le site retra\u00e7ant l&rsquo;histoire du&nbsp;<a rel=\"noreferrer noopener\" href=\"http:\/\/hazebrouck.histo-nord.com\/\" target=\"_blank\">petit s\u00e9minaire d&rsquo;Hazebrouck<\/a>&nbsp;(1854-1973)&nbsp;<br><br>&#8211;&nbsp;<a rel=\"noreferrer noopener\" href=\"http:\/\/www.ville-hazebrouck.fr\/\" target=\"_blank\">La ville d&rsquo;Hazebrouck<\/a>&nbsp;<br><br>&#8211; Un site sur&nbsp;<a rel=\"noreferrer noopener\" href=\"http:\/\/memoire-abbe-lemire.monsite-orange.fr\/\" target=\"_blank\">l&rsquo;Abb\u00e9 Lemire<\/a>&nbsp;par Jean-Pascal Vanhove<br><br>&#8211;&nbsp;<a rel=\"noreferrer noopener\" href=\"http:\/\/www.amiscollegiale.canalblog.com\/\" target=\"_blank\">Les amis de la Coll\u00e9giale de Cassel<\/a><br><br>&#8211;&nbsp;<a href=\"https:\/\/fr.wikipedia.org\/wiki\/Hazebrouck\">Hazebrouck sur Wikip\u00e9dia<\/a>, l&rsquo;encyclopedie libre !<br><br>&#8211;&nbsp;<a href=\"http:\/\/maps.google.com\/maps?hl=fr&amp;lr=&amp;q=hazebrouck\">Hazebrouck sur <\/a><a href=\"http:\/\/maps.google.com\/maps?hl=fr&amp;lr=&amp;q=hazebrouck\" data-type=\"URL\" data-id=\"http:\/\/maps.google.com\/maps?hl=fr&amp;lr=&amp;q=hazebrouck\">Google<\/a><a href=\"http:\/\/maps.google.com\/maps?hl=fr&amp;lr=&amp;q=hazebrouck\"> Maps<\/a><br><br>&#8211; <a href=\"https:\/\/velovap.skyrock.com\">Blog sur le Velovap<\/a>, tr\u00e8s document\u00e9 mais plus mis \u00e0 jour depuis 2008<br><br>&#8211; <a href=\"http:\/\/kuvrix.free.fr\/velovap\/index.htm\">Le site fran\u00e7ais du Velovap<\/a><br><br>&#8211; <a href=\"https:\/\/cyclememory.org\/fr\/\">M\u00e9moire du cycle<\/a>, une mine de connaissances pour tous les passionn\u00e9s de cycles et cyclomoteurs anciens<br><br>&#8211; <a href=\"http:\/\/cyclovap.fr\">La documath\u00e8que Cyclovap<\/a><\/p>\n\n\n\n<div style=\"height:100px\" aria-hidden=\"true\" class=\"wp-block-spacer\"><\/div>\n","protected":false},"excerpt":{"rendered":"<p>Cette page regroupe des liens vers des sites qui ont attir\u00e9 mon attention, ou que je fr\u00e9quente r\u00e9guli\u00e8rement. &#8211; Le site de la romanci\u00e8re&nbsp;Annie Degroote &#8211; Le site de&nbsp;Jean-Pascal Vanhove, auteur de \u00ab\u00a0Ce que racontent les rues d&rsquo;Hazebrouck\u00a0\u00bb (2007) et de \u00ab\u00a0L&rsquo;industrie du cycle \u00e0 Hazebrouck\u00a0\u00bb (2008) &#8211; Le site retra\u00e7ant l&rsquo;histoire du&nbsp;petit s\u00e9minaire d&rsquo;Hazebrouck&nbsp;(1854-1973)&nbsp; [&hellip;]<\/p>\n","protected":false},"author":1,"featured_media":0,"parent":0,"menu_order":0,"comment_status":"closed","ping_status":"closed","template":"","meta":{"site-sidebar-layout":"no-sidebar","site-content-layout":"plain-container","ast-site-content-layout":"default","site-content-style":"default","site-sidebar-style":"default","ast-global-header-display":"","ast-banner-title-visibility":"","ast-main-header-display":"","ast-hfb-above-header-display":"","ast-hfb-below-header-display":"","ast-hfb-mobile-header-display":"","site-post-title":"disabled","ast-breadcrumbs-content":"","ast-featured-img":"","footer-sml-layout":"","ast-disable-related-posts":"","theme-transparent-header-meta":"enabled","adv-header-id-meta":"","stick-header-meta":"","header-above-stick-meta":"","header-main-stick-meta":"","header-below-stick-meta":"","astra-migrate-meta-layouts":"default","ast-page-background-enabled":"default","ast-page-background-meta":{"desktop":{"background-color":"","background-image":"","background-repeat":"repeat","background-position":"center center","background-size":"auto","background-attachment":"scroll","background-type":"","background-media":"","overlay-type":"","overlay-color":"","overlay-opacity":"","overlay-gradient":""},"tablet":{"background-color":"","background-image":"","background-repeat":"repeat","background-position":"center center","background-size":"auto","background-attachment":"scroll","background-type":"","background-media":"","overlay-type":"","overlay-color":"","overlay-opacity":"","overlay-gradient":""},"mobile":{"background-color":"","background-image":"","background-repeat":"repeat","background-position":"center center","background-size":"auto","background-attachment":"scroll","background-type":"","background-media":"","overlay-type":"","overlay-color":"","overlay-opacity":"","overlay-gradient":""}},"ast-content-background-meta":{"desktop":{"background-color":"var(--ast-global-color-5)","background-image":"","background-repeat":"repeat","background-position":"center center","background-size":"auto","background-attachment":"scroll","background-type":"","background-media":"","overlay-type":"","overlay-color":"","overlay-opacity":"","overlay-gradient":""},"tablet":{"background-color":"var(--ast-global-color-5)","background-image":"","background-repeat":"repeat","background-position":"center center","background-size":"auto","background-attachment":"scroll","background-type":"","background-media":"","overlay-type":"","overlay-color":"","overlay-opacity":"","overlay-gradient":""},"mobile":{"background-color":"var(--ast-global-color-5)","background-image":"","background-repeat":"repeat","background-position":"center center","background-size":"auto","background-attachment":"scroll","background-type":"","background-media":"","overlay-type":"","overlay-color":"","overlay-opacity":"","overlay-gradient":""}},"ngg_post_thumbnail":0,"footnotes":""},"class_list":["post-190","page","type-page","status-publish","hentry"],"_links":{"self":[{"href":"https:\/\/www.hazebrouck-autrefois.com\/index.php\/wp-json\/wp\/v2\/pages\/190","targetHints":{"allow":["GET"]}}],"collection":[{"href":"https:\/\/www.hazebrouck-autrefois.com\/index.php\/wp-json\/wp\/v2\/pages"}],"about":[{"href":"https:\/\/www.hazebrouck-autrefois.com\/index.php\/wp-json\/wp\/v2\/types\/page"}],"author":[{"embeddable":true,"href":"https:\/\/www.hazebrouck-autrefois.com\/index.php\/wp-json\/wp\/v2\/users\/1"}],"replies":[{"embeddable":true,"href":"https:\/\/www.hazebrouck-autrefois.com\/index.php\/wp-json\/wp\/v2\/comments?post=190"}],"version-history":[{"count":12,"href":"https:\/\/www.hazebrouck-autrefois.com\/index.php\/wp-json\/wp\/v2\/pages\/190\/revisions"}],"predecessor-version":[{"id":1158,"href":"https:\/\/www.hazebrouck-autrefois.com\/index.php\/wp-json\/wp\/v2\/pages\/190\/revisions\/1158"}],"wp:attachment":[{"href":"https:\/\/www.hazebrouck-autrefois.com\/index.php\/wp-json\/wp\/v2\/media?parent=190"}],"curies":[{"name":"wp","href":"https:\/\/api.w.org\/{rel}","templated":true}]}}